{"id":10174,"date":"2018-05-23T15:47:04","date_gmt":"2018-05-23T13:47:04","guid":{"rendered":"http:\/\/lanaturedanne.be\/?page_id=10174"},"modified":"2023-09-03T13:51:32","modified_gmt":"2023-09-03T11:51:32","slug":"mentions-legales","status":"publish","type":"page","link":"https:\/\/lanaturedanne.be\/?page_id=10174","title":{"rendered":"Mentions l\u00e9gales"},"content":{"rendered":"<h3 style=\"text-align: justify;\">Conform\u00e9ment \u00e0 la r\u00e9glementation europ\u00e9enne en mati\u00e8re de gestion des donn\u00e9es \u00e0 caract\u00e8re personnel (GDPR) du 25 mai 2018.<\/h3>\n<p style=\"text-align: justify;\">Coordonn\u00e9es du responsable de traitement des donn\u00e9es:<\/p>\n<p style=\"text-align: justify;\"><span style=\"text-decoration: underline;\"><strong>Si\u00e8ge social:<\/strong><\/span><\/p>\n<p style=\"text-align: justify;\"><span style=\"color: #231f20;\"><span style=\"font-family: Arial, sans-serif;\">srl Break the grid<\/span><\/span><br \/>\nS\u00e9bastien Dohogne, g\u00e9rant<br \/>\nrue de Vis\u00e9, 466<br \/>\nB &#8211; 4020 Wandre<br \/>\nBelgique<br \/>\nTVA:\u00a0BE0448.845.526<br \/>\nT\u00e9l: 04\/362.53.42<br \/>\nMail: contact@lanaturedanne.be<\/p>\n<p style=\"text-align: justify;\"><strong><span style=\"text-decoration: underline;\">Si\u00e8ge commercial:<\/span><\/strong><\/p>\n<p style=\"text-align: justify;\">La Nature d&#8217;Anne<br \/>\nS\u00e9bastien Dohogne, g\u00e9rant<br \/>\nrue de Vis\u00e9, 466<br \/>\nB &#8211; 4020 Wandre<br \/>\nBelgique<br \/>\nTVA:\u00a0BE0448.845.526<br \/>\nT\u00e9l: 04\/362.53.42<br \/>\nMail: contact@lanaturedanne.be<\/p>\n<p style=\"text-align: justify;\"><span style=\"text-decoration: underline;\"><strong>Recueil des donn\u00e9es \u00e0 caract\u00e8re personnel:<\/strong><\/span><\/p>\n<p style=\"text-align: justify;\">Conform\u00e9ment \u00e0 la r\u00e9glementation europ\u00e9enne en mati\u00e8re de gestion des donn\u00e9es \u00e0 caract\u00e8re personnel (GDPR), la <span style=\"color: #231f20;\"><span style=\"font-family: Arial, sans-serif;\">srl Break the grid<\/span><\/span> &#8211; La Nature d&#8217;Anne recueille les donn\u00e9es \u00e0 caract\u00e8re personnel de ses clients en vue de la r\u00e9ception, la gestion et l&#8217;ex\u00e9cution des commandes de ceux-ci.\u00a0 Aucune donn\u00e9es \u00e0 caract\u00e8re personnel transmises par les clients de la <span style=\"color: #231f20;\"><span style=\"font-family: Arial, sans-serif;\">srl Break the grid<\/span><\/span> &#8211; La Nature d&#8217;Anne ne sera transmise \u00e0 une personne tierce (physique ou morale), vers un pays tiers ou \u00e0 une organisation internationale sans le consentement des clients, \u00e0 l&#8217;exception des destinataires des donn\u00e9es \u00e0 caract\u00e8re personnel: le personnel de \u00a0la <span style=\"color: #231f20;\"><span style=\"font-family: Arial, sans-serif;\">srl Break the grid<\/span><\/span> &#8211; La Nature d&#8217;Anne, qui a besoin d&#8217;acc\u00e8s aux donn\u00e9es pour l&#8217;ex\u00e9cution des commandes, et les sous-traitants de \u00a0la <span style=\"color: #231f20;\"><span style=\"font-family: Arial, sans-serif;\">srl Break the grid<\/span><\/span> &#8211; La Nature d&#8217;Anne, OVH (h\u00e9bergement internet), Mollie (paiements s\u00e9curis\u00e9s).<\/p>\n<p style=\"text-align: justify;\">Dans la mesure o\u00f9 les clients de la <span style=\"color: #231f20;\"><span style=\"font-family: Arial, sans-serif;\">srl Break the grid<\/span><\/span> &#8211; La Nature d&#8217;Anne doivent s&#8217;enregistrer et cr\u00e9er un compte client pour effectuer une commande, les donn\u00e9es \u00e0 caract\u00e8re personnel transmises par les clients \u00e0 la <span style=\"color: #231f20;\"><span style=\"font-family: Arial, sans-serif;\">srl Break the grid<\/span><\/span> &#8211; La Nature d&#8217;Anne seront conserv\u00e9es par la <span style=\"color: #231f20;\"><span style=\"font-family: Arial, sans-serif;\">srl Break the grid<\/span><\/span> &#8211; La Nature d&#8217;Anne au sein d&#8217;une base de donn\u00e9es propre, au minimum le temps de l&#8217;ex\u00e9cution des commandes.\u00a0 Une commande ne pourra \u00eatre valid\u00e9e qu&#8217;\u00e0 la condition sine qua non que le client aie renseign\u00e9 toutes les informations \u00e0 caract\u00e8re personnel n\u00e9cessaires \u00e0 l&#8217;ex\u00e9cution de ladite commande.\u00a0 Par informations n\u00e9cessaires \u00e0 l\u2019ex\u00e9cution de ladite commande, il faut entendre tous les champs marqu\u00e9s d&#8217;une ast\u00e9risque (*).\u00a0 Toutefois, le client garde la possibilit\u00e9 de modifier ses donn\u00e9es ou, sur simple demande \u00e0 la <span style=\"color: #231f20;\"><span style=\"font-family: Arial, sans-serif;\">srl Break the grid<\/span><\/span> &#8211; La Nature d&#8217;Anne, de supprimer son compte client.<\/p>\n<p style=\"text-align: justify;\">Le client a \u00e9galement le\u00a0<span class=\"s2\">droit:<\/span><\/p>\n<ul>\n<li style=\"text-align: justify;\"><span class=\"s2\"> de retirer son consentement<\/span><span class=\"s3\"> \u00e0 tout moment, sans porter atteinte \u00e0 la lic\u00e9it\u00e9 du traitement fond\u00e9 sur le consentement effectu\u00e9 avant le retrait de celui-ci.<\/span><\/li>\n<li style=\"text-align: justify;\"><span class=\"s3\">d\u2019<\/span><span class=\"s2\">introduire une r\u00e9clamation aupr\u00e8s d\u2019une autorit\u00e9 de contr\u00f4le<\/span><\/li>\n<\/ul>\n","protected":false},"excerpt":{"rendered":"<p>Conform\u00e9ment \u00e0 la r\u00e9glementation europ\u00e9enne en mati\u00e8re de gestion des donn\u00e9es \u00e0 caract\u00e8re personnel (GDPR) du 25 mai 2018. Coordonn\u00e9es du responsable de traitement des donn\u00e9es: Si\u00e8ge social: srl Break the grid S\u00e9bastien Dohogne, g\u00e9rant rue de Vis\u00e9, 466 B &#8211; 4020 Wandre Belgique TVA:\u00a0BE0448.845.526 T\u00e9l: 04\/362.53.42 Mail: contact@lanaturedanne.be Si\u00e8ge commercial: La Nature d&#8217;Anne S\u00e9bastien [&hellip;]<\/p>\n","protected":false},"author":4,"featured_media":0,"parent":0,"menu_order":0,"comment_status":"closed","ping_status":"closed","template":"","meta":[],"_links":{"self":[{"href":"https:\/\/lanaturedanne.be\/index.php?rest_route=\/wp\/v2\/pages\/10174"}],"collection":[{"href":"https:\/\/lanaturedanne.be\/index.php?rest_route=\/wp\/v2\/pages"}],"about":[{"href":"https:\/\/lanaturedanne.be\/index.php?rest_route=\/wp\/v2\/types\/page"}],"author":[{"embeddable":true,"href":"https:\/\/lanaturedanne.be\/index.php?rest_route=\/wp\/v2\/users\/4"}],"replies":[{"embeddable":true,"href":"https:\/\/lanaturedanne.be\/index.php?rest_route=%2Fwp%2Fv2%2Fcomments&post=10174"}],"version-history":[{"count":2,"href":"https:\/\/lanaturedanne.be\/index.php?rest_route=\/wp\/v2\/pages\/10174\/revisions"}],"predecessor-version":[{"id":25592,"href":"https:\/\/lanaturedanne.be\/index.php?rest_route=\/wp\/v2\/pages\/10174\/revisions\/25592"}],"wp:attachment":[{"href":"https:\/\/lanaturedanne.be\/index.php?rest_route=%2Fwp%2Fv2%2Fmedia&parent=10174"}],"curies":[{"name":"wp","href":"https:\/\/api.w.org\/{rel}","templated":true}]}}